{"id":555,"date":"2017-10-27T12:58:26","date_gmt":"2017-10-27T10:58:26","guid":{"rendered":"http:\/\/www.skrivanekgmbh.de\/en\/?page_id=555"},"modified":"2023-07-13T17:38:50","modified_gmt":"2023-07-13T15:38:50","slug":"join-our-skrivanek-team","status":"publish","type":"page","link":"https:\/\/skrivanek-gmbh.de\/en\/join-our-skrivanek-team\/","title":{"rendered":"Career"},"content":{"rendered":"<div class=\"wpb-content-wrapper\"><p>[vc_row full_width=&#8221;stretch_row_content&#8221; css=&#8221;.vc_custom_1683299762710{margin-right: 0px !important;margin-bottom: 0px !important;margin-left: 0px !important;padding-bottom: 0px !important;background-image: url(https:\/\/skrivanek-gmbh.de\/wp-content\/uploads\/2023\/05\/join-our-skrivanek-team-people-skrivanek-gmbh.jpg?id=13263) !important;background-position: center !important;background-repeat: no-repeat !important;background-size: cover !important;}&#8221;][vc_column css=&#8221;.vc_custom_1656420471196{background-color: rgba(17,7,84,0.5) !important;*background-color: rgb(17,7,84) !important;}&#8221;][vc_row_inner][vc_column_inner width=&#8221;1\/6&#8243;][\/vc_column_inner][vc_column_inner width=&#8221;3\/6&#8243;][vc_column_text]<\/p>\n<h1><span style=\"color: #ffffff;\">Join our Skrivanek-Team!<\/span><\/h1>\n<p>[\/vc_column_text][vc_single_image image=&#8221;6865&#8243; img_size=&#8221;medium&#8221;][vc_column_text]<\/p>\n<h6><span style=\"color: #ffffff;\">Quality and flexibility are of utmost importance for Skrivanek. That is why we are continuously on the lookout for new members to join our team. We are always interested in a long-term cooperation based on trust.<\/span><\/h6>\n<p>[\/vc_column_text][vc_btn title=&#8221;Contact us!&#8221; style=&#8221;outline-custom&#8221; outline_custom_color=&#8221;#ffffff&#8221; outline_custom_hover_background=&#8221;#dd3333&#8243; outline_custom_hover_text=&#8221;#ffffff&#8221; shape=&#8221;square&#8221; link=&#8221;url:https%3A%2F%2Fwww.skrivanek-gmbh.de%2Fen%2Fcontact%2F|title:Contact&#8221;][\/vc_column_inner][vc_column_inner width=&#8221;1\/6&#8243; offset=&#8221;vc_hidden-md vc_hidden-sm vc_hidden-xs&#8221;][vc_single_image image=&#8221;7460&#8243; img_size=&#8221;medium&#8221;][\/vc_column_inner][vc_column_inner width=&#8221;1\/6&#8243;][\/vc_column_inner][\/vc_row_inner][vc_single_image image=&#8221;6899&#8243; img_size=&#8221;full&#8221; css=&#8221;.vc_custom_1656416549718{margin-right: -30px !important;margin-bottom: -2px !important;margin-left: -30px !important;}&#8221;][\/vc_column][\/vc_row][vc_row full_width=&#8221;true&#8221;][vc_column margin_b=&#8221;false&#8221;][vc_column_text]<\/p>\n<h2 style=\"text-align: center;\">VACANCIES AT SKRIVANEK TRANSLATION AGENCY<\/h2>\n<p><script type=\"application\/ld+json\">\r\n{\r\n  \"@context\": \"https:\/\/schema.org\/\",\r\n  \"@type\": \"Product\",\r\n  \"name\": \"Career - Join our Skrivanek-Team!\",\r\n  \"description\": \"We are currently looking for freelance translators and editors for Ukrainian\",\r\n  \"aggregateRating\": {\r\n    \"@type\": \"AggregateRating\",\r\n    \"ratingValue\": \"4.9\",\r\n    \"ratingCount\": \"512\"\r\n  }\r\n}\r\n<\/script>[\/vc_column_text][vc_empty_space][vc_row_inner][vc_column_inner width=&#8221;1\/2&#8243;][vc_single_image image=&#8221;13265&#8243; img_size=&#8221;large&#8221; alignment=&#8221;center&#8221;][vc_column_text]<\/p>\n<div class=\"wpb_text_column wpb_content_element thegem-vc-text thegem-custom-62bc19c6ece402378\" style=\"text-align: center;\">\n<div class=\"wpb_wrapper\">\n<h2><span style=\"color: #b3110d;\">Ukrainian translator<\/span><\/h2>\n<\/div>\n<\/div>\n<p>[\/vc_column_text][vc_column_text]<\/p>\n<div class=\"wpb_text_column wpb_content_element thegem-vc-text thegem-custom-62bc19c6ece402378\">\n<div class=\"wpb_wrapper\">We are currently looking for <strong>freelance translators<\/strong> and editors for <strong>Ukrainian.<\/strong><\/div>\n<div><\/div>\n<\/div>\n<div>Your profile:<\/div>\n<ul>\n<li>Do you have a degree in linguistics or journalism or an education as a translator or interpreter?<\/li>\n<li>Another university degree and at least 3 years of professional experience?<\/li>\n<li>Excellent knowledge of foreign languages and knowledge of your own mother tongue?<\/li>\n<li>Experience with CAT tools such as SDL Trados, memoq or memsource?<\/li>\n<li>Specialisation in a specific field?<\/li>\n<li>Good accessibility?<\/li>\n<li>Do you perhaps even have a Ukrainian language certificate for German courts?<\/li>\n<\/ul>\n<p>What can we offer you?<\/p>\n<ul>\n<li>Regular assignments<\/li>\n<li>Exciting insights into a wide range of areas: from marketing and technology to the activities of institutional bodies and NGOs<\/li>\n<li>Networking with all Skrivanek Holding companies worldwide<\/li>\n<li>Punctual payment<\/li>\n<\/ul>\n<p>Are you interested?<br \/>\nThen send us your CV, certificates and references to: <a href=\"mailto:info@skrivanek-gmbh.de\">info@skrivanek-gmbh.de<\/a><br \/>\nOur Vendor Manager will get in touch with you and present you all the framework conditions.[\/vc_column_text][vc_btn title=&#8221;I would like to apply!&#8221; style=&#8221;outline-custom&#8221; outline_custom_color=&#8221;#dd3333&#8243; outline_custom_hover_background=&#8221;#dd3333&#8243; outline_custom_hover_text=&#8221;#ffffff&#8221; align=&#8221;center&#8221; button_block=&#8221;true&#8221; href=&#8221;info@skrivanek-gmbh.de&#8220;&#8221; target=&#8221;&#8220;_blank&#8220;&#8221; link=&#8221;url:mailto%3Ainfo%40skrivanek-gmbh.de|title:mailto&#8221;][\/vc_column_inner][vc_column_inner width=&#8221;1\/2&#8243;][vc_single_image image=&#8221;13267&#8243; img_size=&#8221;large&#8221; alignment=&#8221;center&#8221;][vc_column_text]<\/p>\n<div class=\"wpb_text_column wpb_content_element thegem-vc-text thegem-custom-62bc19c6ece402378\" style=\"text-align: center;\">\n<div class=\"wpb_wrapper\">\n<h2><span style=\"color: #b3110d;\">Project Manager<\/span><\/h2>\n<\/div>\n<\/div>\n<p>[\/vc_column_text][vc_column_text]<\/p>\n<div class=\"wpb_text_column wpb_content_element thegem-vc-text thegem-custom-62bc19c6ed48e9331\">\n<div class=\"wpb_wrapper\">\n<p>Our company in Berlin is looking to take on a new Dutch speaking <strong>Project Manager<\/strong> (m\/f\/d) for our <strong>France &amp; Benelux department<\/strong> (full time or part time)<\/p>\n<p>Your tasks:<\/p>\n<ul>\n<li>Project management of translation and localization projects<\/li>\n<li>Leading negotiations in Dutch, planning and implementing the results of these negotiations<\/li>\n<li>Preparing, tracking and managing offers<\/li>\n<li>New-client acquisition and consultation at trade fairs, conferences and events in France, the Netherlands and Benelux<\/li>\n<li>Marketing activities in collaboration with our international Skrivanek Team<\/li>\n<\/ul>\n<p>Your profile:<\/p>\n<ul>\n<li>You can communicate in Dutch<\/li>\n<li>You command very good knowledge of English; knowledge of French or German is an advantage<\/li>\n<li>You have training in the commercial or linguistic sector<\/li>\n<li>You are a good communicator who is able to convey messages between people and you are always capable of increasing your resistance to stress<\/li>\n<li>You have a high degree of self-discipline and constantly take a customer-oriented approach when shaping your workflows<\/li>\n<li>You have a talent for quickly establishing networks and are confident in holding presentations, even in an international environment<\/li>\n<li>You have an affinity for languages related to new technologies and software<\/li>\n<\/ul>\n<p>What we can offer you:<\/p>\n<ul>\n<li>Further development at one of the most successful and exciting international translation companies in Central and Eastern Europe<\/li>\n<li>Interdisciplinary fields of activity and a working environment comprising flat hierarchies<\/li>\n<li>An extensive range of responsibilities with lots of creative leeway<\/li>\n<li>International alignment and results that are quickly visible<\/li>\n<li>A fun place to work in the heart of Berlin with great colleagues, fresh vegetables and soft drinks<\/li>\n<\/ul>\n<p>Does this appeal to you? Then we look forward to receiving your complete application with information on your earliest starting date and your expected salary. Contact: <a href=\"mailto:astrid.hager@skrivanek-gmbh.de\">astrid.hager@skrivanek-gmbh.de<\/a><\/p>\n<\/div>\n<\/div>\n<p>[\/vc_column_text][vc_btn title=&#8221;I would like to apply!&#8221; style=&#8221;outline-custom&#8221; outline_custom_color=&#8221;#dd3333&#8243; outline_custom_hover_background=&#8221;#dd3333&#8243; outline_custom_hover_text=&#8221;#ffffff&#8221; align=&#8221;center&#8221; button_block=&#8221;true&#8221; href=&#8221;info@skrivanek-gmbh.de&#8220;&#8221; target=&#8221;&#8220;_blank&#8220;&#8221; link=&#8221;url:mailto%3Aastrid.hager%40skrivanek-gmbh.de|title:mailto&#8221;][\/vc_column_inner][\/vc_row_inner][\/vc_column][\/vc_row][vc_row full_width=&#8221;stretch_row_content&#8221; css=&#8221;.vc_custom_1682081908254{background-color: #f3f3f4 !important;}&#8221;][vc_column][vc_column_text]<\/p>\n<p>&nbsp;<\/p>\n<h3 style=\"color: #ffffff; text-align: center;\"><span style=\"color: #808080;\">WHAT OUR CUSTOMERS SAY ABOUT US<\/span><\/h3>\n<div style=\"width: 55px; height: 3px; background: #B3110D none repeat scroll 0% 0%; margin: 0px auto; text-indent: 9999px; text-align: center;\">1<\/div>\n<p>[\/vc_column_text]<div class=\"preloader\"><div class=\"preloader-spin\"><\/div><\/div><div class=\"size-small style1 gem-testimonials\" style=\"background-color:;\"> <div id=\"post-6884\" class=\"gem-testimonial-item post-6884 thegem_testimonial type-thegem_testimonial status-publish\"> <div class=\"gem-testimonial-wrapper \"> <div class=\"gem-testimonial-image\"> <\/div> <div class=\"gem-testimonial-content\"> <div class=\"gem-testimonial-text\" > <p>Vielen Dank f\u00fcr Ihre qualifizierten \u00dcbersetzungen und die hervorragende Kundenbetreuung.<\/p> <\/div> <\/div> <\/div> <\/div> <div id=\"post-6885\" class=\"gem-testimonial-item post-6885 thegem_testimonial type-thegem_testimonial status-publish\"> <div class=\"gem-testimonial-wrapper \"> <div class=\"gem-testimonial-image\"> <\/div> <div class=\"gem-testimonial-content\"> <div class=\"gem-testimonial-text\" > <p>Herzlichen Dank f\u00fcr die sehr gute und nette Zusammenarbeit!<\/p> <\/div> <\/div> <\/div> <\/div> <div id=\"post-6886\" class=\"gem-testimonial-item post-6886 thegem_testimonial type-thegem_testimonial status-publish\"> <div class=\"gem-testimonial-wrapper \"> <div class=\"gem-testimonial-image\"> <\/div> <div class=\"gem-testimonial-content\"> <div class=\"gem-testimonial-text\" > <p>Ich empfinde die Zusammenarbeit mit Skrivanek als h\u00f6chst angenehm. Skrivanek reagiert immer vorbildlich!<\/p> <\/div> <\/div> <\/div> <\/div> <div id=\"post-6887\" class=\"gem-testimonial-item post-6887 thegem_testimonial type-thegem_testimonial status-publish\"> <div class=\"gem-testimonial-wrapper \"> <div class=\"gem-testimonial-image\"> <\/div> <div class=\"gem-testimonial-content\"> <div class=\"gem-testimonial-text\" > <p>Rasch, zuverl\u00e4ssig, kunden- und l\u00f6sungsorientiert, sehr engagiert. Wir sch\u00e4tzen die Zusammenarbeit mit Skrivanek sehr.<\/p> <\/div> <\/div> <\/div> <\/div> <div id=\"post-6888\" class=\"gem-testimonial-item post-6888 thegem_testimonial type-thegem_testimonial status-publish\"> <div class=\"gem-testimonial-wrapper \"> <div class=\"gem-testimonial-image\"> <\/div> <div class=\"gem-testimonial-content\"> <div class=\"gem-testimonial-text\" > <p>Vielen Dank f\u00fcr die perfekte Unterst\u00fctzung &amp; tolle Zusammenarbeit in den vergangenen Jahren! Wir freuen uns auf die kommenden Jahre\u2026 weiter so!<\/p> <\/div> <\/div> <\/div> <\/div> <div id=\"post-6889\" class=\"gem-testimonial-item post-6889 thegem_testimonial type-thegem_testimonial status-publish\"> <div class=\"gem-testimonial-wrapper \"> <div class=\"gem-testimonial-image\"> <\/div> <div class=\"gem-testimonial-content\"> <div class=\"gem-testimonial-text\" > <p>Super schnelle Bearbeitung und immer bestens informiert!<\/p> <\/div> <\/div> <\/div> <\/div> <div id=\"post-6890\" class=\"gem-testimonial-item post-6890 thegem_testimonial type-thegem_testimonial status-publish\"> <div class=\"gem-testimonial-wrapper \"> <div class=\"gem-testimonial-image\"> <\/div> <div class=\"gem-testimonial-content\"> <div class=\"gem-testimonial-text\" > <p>Alles Bestens, entsprechend erhalten Sie von uns auch viele Auftr\u00e4ge!<\/p> <\/div> <\/div> <\/div> <\/div> <div id=\"post-20929\" class=\"gem-testimonial-item post-20929 thegem_testimonial type-thegem_testimonial status-publish\"> <div class=\"gem-testimonial-wrapper \"> <div class=\"gem-testimonial-image\"> <\/div> <div class=\"gem-testimonial-content\"> <div class=\"gem-testimonial-text\" > <p>Sehr schnelle Reaktionszeit, klare Fristen und deren Einhaltung.<\/p> <\/div> <\/div> <\/div> <\/div> <div id=\"post-25637\" class=\"gem-testimonial-item post-25637 thegem_testimonial type-thegem_testimonial status-publish has-post-thumbnail\"> <a href=\"#\" target=\"_self\"> <div class=\"gem-testimonial-wrapper \"> <div class=\"gem-testimonial-image\"> <img width=\"80\" height=\"80\" data-src=\"https:\/\/skrivanek-gmbh.de\/wp-content\/uploads\/2026\/01\/team-dummy-thegem-person-80.jpg\" class=\"img-responsive img-circle wp-post-image lazyload\" alt=\"team-dummy\" data-srcset=\"https:\/\/skrivanek-gmbh.de\/wp-content\/uploads\/2026\/01\/team-dummy-thegem-testimonial.jpg 2x\" data-sizes=\"100vw\" src=\"data:image\/svg+xml;base64,PHN2ZyB3aWR0aD0iMSIgaGVpZ2h0PSIxIiB4bWxucz0iaHR0cDovL3d3dy53My5vcmcvMjAwMC9zdmciPjwvc3ZnPg==\" style=\"--smush-placeholder-width: 80px; --smush-placeholder-aspect-ratio: 80\/80;\" \/> <\/div> <div class=\"gem-testimonial-content\"> <div class=\"gem-testimonial-name\" >Emerson Anderson<\/div> <div class=\"gem-testimonial-company\" >Creative Heads Inc.<\/div> <div class=\"gem-testimonial-position\" >Happy Client<\/div> <div class=\"gem-testimonial-text\" > <p>&nbsp;<\/p>\n<p class=\"styled-subtitle\" style=\"text-align: center;\">Sehr schnelle Reaktionszeit, klare Fristen und deren Einhaltung.<\/p>\n<p>&nbsp;<\/p> <\/div> <\/div> <\/div> <\/a><\/div> <div class=\"testimonials_svg\"><svg style=\"fill: \" width=\"100\" height=\"50\"><path d=\"M 0,-1 Q 45,5 50,50 Q 55,5 100,-1\" \/><\/svg><\/div><\/div>[\/vc_column][\/vc_row][vc_row full_width=&#8221;stretch_row_content&#8221; content_placement=&#8221;top&#8221; css=&#8221;.vc_custom_1682081337444{padding-top: 50px !important;padding-bottom: 50px !important;background-image: url(https:\/\/skrivanek-gmbh.de\/wp-content\/uploads\/2022\/06\/stats-1.jpg?id=6894) !important;background-position: center !important;background-repeat: no-repeat !important;background-size: cover !important;}&#8221;][vc_column offset=&#8221;vc_hidden-md vc_hidden-sm vc_hidden-xs&#8221;][vc_column_text]<\/p>\n<h3 style=\"text-align: center;\"><span style=\"color: #ffffff;\">NEARLY 30 YEARS OF EXPERIENCE!<\/span><\/h3>\n<h6 style=\"text-align: center;\"><span style=\"color: #ffffff;\">We provide professional translations that meet the highest quality standards.<\/span><\/h6>\n<p>[\/vc_column_text][vc_empty_space][vc_row_inner][vc_column_inner width=&#8221;1\/3&#8243;][vc_column_text]<\/p>\n<h2 style=\"text-align: center;\"><span style=\"color: #ffffff;\"><strong>100+<\/strong><\/span><\/h2>\n<h5 style=\"text-align: center;\"><span class=\"light\" style=\"color: #ffffff;\">language combinations in portfolio<\/span><\/h5>\n<p>[\/vc_column_text][\/vc_column_inner][vc_column_inner width=&#8221;1\/3&#8243;][vc_column_text]<\/p>\n<h2 style=\"text-align: center;\"><span style=\"color: #ffffff;\"><strong>100%<\/strong><\/span><\/h2>\n<h5 style=\"text-align: center;\"><span class=\"light\" style=\"color: #ffffff;\">of our clients would recommend us<\/span><\/h5>\n<p>[\/vc_column_text][\/vc_column_inner][vc_column_inner width=&#8221;1\/3&#8243;][vc_column_text]<\/p>\n<h2 style=\"text-align: center;\"><span style=\"color: #ffffff;\"><strong>50+<\/strong><\/span><\/h2>\n<h5 style=\"text-align: center;\"><span class=\"light\" style=\"color: #ffffff;\">fields of expertise<\/span><\/h5>\n<p>[\/vc_column_text][\/vc_column_inner][\/vc_row_inner][\/vc_column][\/vc_row][vc_row padding_top=&#8221;&#8221; padding_bottom=&#8221;0&#8243;][vc_column pb=&#8221;50&#8243;][vc_single_image image=&#8221;6872&#8243; img_size=&#8221;full&#8221; alignment=&#8221;center&#8221;][vc_empty_space][\/vc_column][\/vc_row]<\/p>\n<\/div>","protected":false},"excerpt":{"rendered":"<p>[vc_row full_width=&#8221;stretch_row_content&#8221; css=&#8221;.vc_custom_1683299762710{margin-right: 0px !important;margin-bottom: 0px !important;margin-left: 0px !important;padding-bottom: 0px !important;background-image: url(https:\/\/skrivanek-gmbh.de\/wp-content\/uploads\/2023\/05\/join-our-skrivanek-team-people-skrivanek-gmbh.jpg?id=13263) !important;background-position: center !important;background-repeat: no-repeat !important;background-size: cover !important;}&#8221;][vc_column css=&#8221;.vc_custom_1656420471196{background-color:&#8230;<\/p>\n","protected":false},"author":9,"featured_media":0,"parent":0,"menu_order":0,"comment_status":"closed","ping_status":"closed","template":"","meta":{"footnotes":""},"class_list":["post-555","page","type-page","status-publish"],"yoast_head":"<!-- This site is optimized with the Yoast SEO Premium plugin v27.3 (Yoast SEO v27.3) - https:\/\/yoast.com\/product\/yoast-seo-premium-wordpress\/ -->\n<title>Get your career going with Skrivanek and join our team!<\/title>\n<meta name=\"description\" content=\"\ud83d\udcbb Are you looking for a job? Join our Team! We have an opportunity for you to join our Skrivanek team. Apply now! \ud83d\udcbc\" \/>\n<meta name=\"robots\" content=\"index, follow, max-snippet:-1, max-image-preview:large, max-video-preview:-1\" \/>\n<link rel=\"canonical\" href=\"https:\/\/skrivanek-gmbh.de\/en\/join-our-skrivanek-team\/\" \/>\n<meta property=\"og:locale\" content=\"en_US\" \/>\n<meta property=\"og:type\" content=\"article\" \/>\n<meta property=\"og:title\" content=\"Career\" \/>\n<meta property=\"og:description\" content=\"\ud83d\udcbb Are you looking for a job? Join our Team! We have an opportunity for you to join our Skrivanek team. Apply now! \ud83d\udcbc\" \/>\n<meta property=\"og:url\" content=\"https:\/\/skrivanek-gmbh.de\/en\/join-our-skrivanek-team\/\" \/>\n<meta property=\"og:site_name\" content=\"skrivanek-gmbh.de\" \/>\n<meta property=\"article:modified_time\" content=\"2023-07-13T15:38:50+00:00\" \/>\n<meta name=\"twitter:card\" content=\"summary_large_image\" \/>\n<meta name=\"twitter:label1\" content=\"Est. reading time\" \/>\n\t<meta name=\"twitter:data1\" content=\"3 minutes\" \/>\n<script type=\"application\/ld+json\" class=\"yoast-schema-graph\">{\"@context\":\"https:\\\/\\\/schema.org\",\"@graph\":[{\"@type\":\"WebPage\",\"@id\":\"https:\\\/\\\/skrivanek-gmbh.de\\\/en\\\/join-our-skrivanek-team\\\/\",\"url\":\"https:\\\/\\\/skrivanek-gmbh.de\\\/en\\\/join-our-skrivanek-team\\\/\",\"name\":\"Get your career going with Skrivanek and join our team!\",\"isPartOf\":{\"@id\":\"https:\\\/\\\/skrivanek-gmbh.de\\\/en\\\/#website\"},\"datePublished\":\"2017-10-27T10:58:26+00:00\",\"dateModified\":\"2023-07-13T15:38:50+00:00\",\"description\":\"\ud83d\udcbb Are you looking for a job? Join our Team! We have an opportunity for you to join our Skrivanek team. Apply now! \ud83d\udcbc\",\"breadcrumb\":{\"@id\":\"https:\\\/\\\/skrivanek-gmbh.de\\\/en\\\/join-our-skrivanek-team\\\/#breadcrumb\"},\"inLanguage\":\"en-US\",\"potentialAction\":[{\"@type\":\"ReadAction\",\"target\":[\"https:\\\/\\\/skrivanek-gmbh.de\\\/en\\\/join-our-skrivanek-team\\\/\"]}]},{\"@type\":\"BreadcrumbList\",\"@id\":\"https:\\\/\\\/skrivanek-gmbh.de\\\/en\\\/join-our-skrivanek-team\\\/#breadcrumb\",\"itemListElement\":[{\"@type\":\"ListItem\",\"position\":1,\"name\":\"Home\",\"item\":\"https:\\\/\\\/skrivanek-gmbh.de\\\/en\\\/\"},{\"@type\":\"ListItem\",\"position\":2,\"name\":\"Career\"}]},{\"@type\":\"WebSite\",\"@id\":\"https:\\\/\\\/skrivanek-gmbh.de\\\/en\\\/#website\",\"url\":\"https:\\\/\\\/skrivanek-gmbh.de\\\/en\\\/\",\"name\":\"skrivanek-gmbh.de\",\"description\":\"professional translation and localization services\",\"potentialAction\":[{\"@type\":\"SearchAction\",\"target\":{\"@type\":\"EntryPoint\",\"urlTemplate\":\"https:\\\/\\\/skrivanek-gmbh.de\\\/en\\\/?s={search_term_string}\"},\"query-input\":{\"@type\":\"PropertyValueSpecification\",\"valueRequired\":true,\"valueName\":\"search_term_string\"}}],\"inLanguage\":\"en-US\"}]}<\/script>\n<!-- \/ Yoast SEO Premium plugin. -->","yoast_head_json":{"title":"Get your career going with Skrivanek and join our team!","description":"\ud83d\udcbb Are you looking for a job? Join our Team! We have an opportunity for you to join our Skrivanek team. Apply now! \ud83d\udcbc","robots":{"index":"index","follow":"follow","max-snippet":"max-snippet:-1","max-image-preview":"max-image-preview:large","max-video-preview":"max-video-preview:-1"},"canonical":"https:\/\/skrivanek-gmbh.de\/en\/join-our-skrivanek-team\/","og_locale":"en_US","og_type":"article","og_title":"Career","og_description":"\ud83d\udcbb Are you looking for a job? Join our Team! We have an opportunity for you to join our Skrivanek team. Apply now! \ud83d\udcbc","og_url":"https:\/\/skrivanek-gmbh.de\/en\/join-our-skrivanek-team\/","og_site_name":"skrivanek-gmbh.de","article_modified_time":"2023-07-13T15:38:50+00:00","twitter_card":"summary_large_image","twitter_misc":{"Est. reading time":"3 minutes"},"schema":{"@context":"https:\/\/schema.org","@graph":[{"@type":"WebPage","@id":"https:\/\/skrivanek-gmbh.de\/en\/join-our-skrivanek-team\/","url":"https:\/\/skrivanek-gmbh.de\/en\/join-our-skrivanek-team\/","name":"Get your career going with Skrivanek and join our team!","isPartOf":{"@id":"https:\/\/skrivanek-gmbh.de\/en\/#website"},"datePublished":"2017-10-27T10:58:26+00:00","dateModified":"2023-07-13T15:38:50+00:00","description":"\ud83d\udcbb Are you looking for a job? Join our Team! We have an opportunity for you to join our Skrivanek team. Apply now! \ud83d\udcbc","breadcrumb":{"@id":"https:\/\/skrivanek-gmbh.de\/en\/join-our-skrivanek-team\/#breadcrumb"},"inLanguage":"en-US","potentialAction":[{"@type":"ReadAction","target":["https:\/\/skrivanek-gmbh.de\/en\/join-our-skrivanek-team\/"]}]},{"@type":"BreadcrumbList","@id":"https:\/\/skrivanek-gmbh.de\/en\/join-our-skrivanek-team\/#breadcrumb","itemListElement":[{"@type":"ListItem","position":1,"name":"Home","item":"https:\/\/skrivanek-gmbh.de\/en\/"},{"@type":"ListItem","position":2,"name":"Career"}]},{"@type":"WebSite","@id":"https:\/\/skrivanek-gmbh.de\/en\/#website","url":"https:\/\/skrivanek-gmbh.de\/en\/","name":"skrivanek-gmbh.de","description":"professional translation and localization services","potentialAction":[{"@type":"SearchAction","target":{"@type":"EntryPoint","urlTemplate":"https:\/\/skrivanek-gmbh.de\/en\/?s={search_term_string}"},"query-input":{"@type":"PropertyValueSpecification","valueRequired":true,"valueName":"search_term_string"}}],"inLanguage":"en-US"}]}},"_links":{"self":[{"href":"https:\/\/skrivanek-gmbh.de\/en\/wp-json\/wp\/v2\/pages\/555","targetHints":{"allow":["GET"]}}],"collection":[{"href":"https:\/\/skrivanek-gmbh.de\/en\/wp-json\/wp\/v2\/pages"}],"about":[{"href":"https:\/\/skrivanek-gmbh.de\/en\/wp-json\/wp\/v2\/types\/page"}],"author":[{"embeddable":true,"href":"https:\/\/skrivanek-gmbh.de\/en\/wp-json\/wp\/v2\/users\/9"}],"replies":[{"embeddable":true,"href":"https:\/\/skrivanek-gmbh.de\/en\/wp-json\/wp\/v2\/comments?post=555"}],"version-history":[{"count":31,"href":"https:\/\/skrivanek-gmbh.de\/en\/wp-json\/wp\/v2\/pages\/555\/revisions"}],"predecessor-version":[{"id":14449,"href":"https:\/\/skrivanek-gmbh.de\/en\/wp-json\/wp\/v2\/pages\/555\/revisions\/14449"}],"wp:attachment":[{"href":"https:\/\/skrivanek-gmbh.de\/en\/wp-json\/wp\/v2\/media?parent=555"}],"curies":[{"name":"wp","href":"https:\/\/api.w.org\/{rel}","templated":true}]}}